{"id":97,"date":"2022-03-20T05:57:19","date_gmt":"2022-03-20T05:57:19","guid":{"rendered":"https:\/\/autoabasura.com\/home\/?page_id=97"},"modified":"2022-04-17T16:04:29","modified_gmt":"2022-04-17T16:04:29","slug":"gasura","status":"publish","type":"page","link":"https:\/\/autoabasura.com\/home\/gasura\/","title":{"rendered":"Gasura"},"content":{"rendered":"\n<p>Hasta tanto, puedes ir leyendo la definici\u00f3n en <a href=\"https:\/\/es.wikipedia.org\/wiki\/Gasura\" target=\"_blank\" rel=\"noreferrer noopener\"><strong>Wikipedia<\/strong><\/a>. Buscala como <strong>GASURA<\/strong> en Wikipedia <strong>ESPA\u00d1OL<\/strong>.<\/p>\n\n\n\n<h2 class=\"wp-block-heading\"><strong>Resumen R40 La Quiaca (Jujuy) a R\u00edo Gallegos (S. Cruz)<\/strong><\/h2>\n\n\n\n<p>Aqu\u00ed se pueden descargar dos imagenes JPG. En la imagen 1 esta un resumen del recorrido desde La Quica (Jujuy) hasta Mendoza capital y la imagen 2 un resumen desde Mendoza capital hasta Cabo V\u00edrgenes al sur de Rio Gallegos (Santa Cruz).<\/p>\n\n\n\n<p>Un total de 6.300 Km de los cuales <strong>4.756 Km fueron usando solo Gasura<\/strong>. En este resumen hay consumo promedio de residuos por tramo segun la velocidad promedio, fechas, ciudades, distancias, rutas, apunamiento en <strong>MSNM<\/strong> (elevaci\u00f3n respecto del nivel del mar en <strong>M<\/strong>etros <strong>S<\/strong>obre <strong>N<\/strong>ivel del <strong>M<\/strong>ar), etc.<\/p>\n\n\n\n<figure class=\"wp-block-image size-large\"><a href=\"https:\/\/autoabasura.com\/home\/wp-content\/uploads\/2022\/04\/Resumen-R40-LQ-Ju-a-Mza-Excel-a-JPG-2-scaled.jpg\"><img loading=\"lazy\" decoding=\"async\" width=\"1024\" height=\"591\" src=\"https:\/\/autoabasura.com\/home\/wp-content\/uploads\/2022\/04\/Resumen-R40-LQ-Ju-a-Mza-Excel-a-JPG-2-1024x591.jpg\" alt=\"\" class=\"wp-image-338\" srcset=\"https:\/\/autoabasura.com\/home\/wp-content\/uploads\/2022\/04\/Resumen-R40-LQ-Ju-a-Mza-Excel-a-JPG-2-1024x591.jpg 1024w, https:\/\/autoabasura.com\/home\/wp-content\/uploads\/2022\/04\/Resumen-R40-LQ-Ju-a-Mza-Excel-a-JPG-2-300x173.jpg 300w, https:\/\/autoabasura.com\/home\/wp-content\/uploads\/2022\/04\/Resumen-R40-LQ-Ju-a-Mza-Excel-a-JPG-2-768x444.jpg 768w, https:\/\/autoabasura.com\/home\/wp-content\/uploads\/2022\/04\/Resumen-R40-LQ-Ju-a-Mza-Excel-a-JPG-2-1536x887.jpg 1536w, https:\/\/autoabasura.com\/home\/wp-content\/uploads\/2022\/04\/Resumen-R40-LQ-Ju-a-Mza-Excel-a-JPG-2-2048x1183.jpg 2048w\" sizes=\"auto, (max-width: 1024px) 100vw, 1024px\" \/><\/a><\/figure>\n\n\n\n<figure class=\"wp-block-image size-large\"><a href=\"https:\/\/autoabasura.com\/home\/wp-content\/uploads\/2022\/04\/Resumen-R40-Mza-a-cabo-Virgenes-sta-Cruz.-2-scaled.jpg\"><img loading=\"lazy\" decoding=\"async\" width=\"1024\" height=\"697\" src=\"https:\/\/autoabasura.com\/home\/wp-content\/uploads\/2022\/04\/Resumen-R40-Mza-a-cabo-Virgenes-sta-Cruz.-2-1024x697.jpg\" alt=\"\" class=\"wp-image-340\" srcset=\"https:\/\/autoabasura.com\/home\/wp-content\/uploads\/2022\/04\/Resumen-R40-Mza-a-cabo-Virgenes-sta-Cruz.-2-1024x697.jpg 1024w, https:\/\/autoabasura.com\/home\/wp-content\/uploads\/2022\/04\/Resumen-R40-Mza-a-cabo-Virgenes-sta-Cruz.-2-300x204.jpg 300w, https:\/\/autoabasura.com\/home\/wp-content\/uploads\/2022\/04\/Resumen-R40-Mza-a-cabo-Virgenes-sta-Cruz.-2-768x523.jpg 768w, https:\/\/autoabasura.com\/home\/wp-content\/uploads\/2022\/04\/Resumen-R40-Mza-a-cabo-Virgenes-sta-Cruz.-2-1536x1046.jpg 1536w, https:\/\/autoabasura.com\/home\/wp-content\/uploads\/2022\/04\/Resumen-R40-Mza-a-cabo-Virgenes-sta-Cruz.-2-2048x1394.jpg 2048w\" sizes=\"auto, (max-width: 1024px) 100vw, 1024px\" \/><\/a><\/figure>\n","protected":false},"excerpt":{"rendered":"<p>Hasta tanto, puedes ir leyendo la definici\u00f3n en Wikipedia. Buscala como GASURA en Wikipedia ESPA\u00d1OL. Resumen R40 La Quiaca (Jujuy) a R\u00edo Gallegos (S. Cruz) Aqu\u00ed se pueden descargar dos imagenes JPG. En la imagen 1 esta un resumen del recorrido desde La Quica (Jujuy) hasta Mendoza capital y la imagen 2 un resumen desde [&hellip;]<\/p>\n","protected":false},"author":3,"featured_media":0,"parent":0,"menu_order":0,"comment_status":"closed","ping_status":"closed","template":"","meta":{"footnotes":""},"class_list":["post-97","page","type-page","status-publish","hentry","post"],"yoast_head":"<!-- This site is optimized with the Yoast SEO plugin v27.5 - https:\/\/yoast.com\/product\/yoast-seo-wordpress\/ -->\n<title>Gasura - Auto a basura<\/title>\n<meta name=\"robots\" content=\"index, follow, max-snippet:-1, max-image-preview:large, max-video-preview:-1\" \/>\n<link rel=\"canonical\" href=\"https:\/\/autoabasura.com\/home\/gasura\/\" \/>\n<meta property=\"og:locale\" content=\"es_ES\" \/>\n<meta property=\"og:type\" content=\"article\" \/>\n<meta property=\"og:title\" content=\"Gasura - Auto a basura\" \/>\n<meta property=\"og:description\" content=\"Hasta tanto, puedes ir leyendo la definici\u00f3n en Wikipedia. Buscala como GASURA en Wikipedia ESPA\u00d1OL. Resumen R40 La Quiaca (Jujuy) a R\u00edo Gallegos (S. Cruz) Aqu\u00ed se pueden descargar dos imagenes JPG. En la imagen 1 esta un resumen del recorrido desde La Quica (Jujuy) hasta Mendoza capital y la imagen 2 un resumen desde [&hellip;]\" \/>\n<meta property=\"og:url\" content=\"https:\/\/autoabasura.com\/home\/gasura\/\" \/>\n<meta property=\"og:site_name\" content=\"Auto a basura\" \/>\n<meta property=\"article:modified_time\" content=\"2022-04-17T16:04:29+00:00\" \/>\n<meta property=\"og:image\" content=\"https:\/\/autoabasura.com\/home\/wp-content\/uploads\/2022\/04\/Resumen-R40-LQ-Ju-a-Mza-Excel-a-JPG-2-1024x591.jpg\" \/>\n<meta name=\"twitter:card\" content=\"summary_large_image\" \/>\n<meta name=\"twitter:label1\" content=\"Tiempo de lectura\" \/>\n\t<meta name=\"twitter:data1\" content=\"1 minuto\" \/>\n<script type=\"application\/ld+json\" class=\"yoast-schema-graph\">{\"@context\":\"https:\\\/\\\/schema.org\",\"@graph\":[{\"@type\":\"WebPage\",\"@id\":\"https:\\\/\\\/autoabasura.com\\\/home\\\/gasura\\\/\",\"url\":\"https:\\\/\\\/autoabasura.com\\\/home\\\/gasura\\\/\",\"name\":\"Gasura - Auto a basura\",\"isPartOf\":{\"@id\":\"https:\\\/\\\/autoabasura.com\\\/home\\\/#website\"},\"primaryImageOfPage\":{\"@id\":\"https:\\\/\\\/autoabasura.com\\\/home\\\/gasura\\\/#primaryimage\"},\"image\":{\"@id\":\"https:\\\/\\\/autoabasura.com\\\/home\\\/gasura\\\/#primaryimage\"},\"thumbnailUrl\":\"https:\\\/\\\/autoabasura.com\\\/home\\\/wp-content\\\/uploads\\\/2022\\\/04\\\/Resumen-R40-LQ-Ju-a-Mza-Excel-a-JPG-2-1024x591.jpg\",\"datePublished\":\"2022-03-20T05:57:19+00:00\",\"dateModified\":\"2022-04-17T16:04:29+00:00\",\"breadcrumb\":{\"@id\":\"https:\\\/\\\/autoabasura.com\\\/home\\\/gasura\\\/#breadcrumb\"},\"inLanguage\":\"es\",\"potentialAction\":[{\"@type\":\"ReadAction\",\"target\":[\"https:\\\/\\\/autoabasura.com\\\/home\\\/gasura\\\/\"]}]},{\"@type\":\"ImageObject\",\"inLanguage\":\"es\",\"@id\":\"https:\\\/\\\/autoabasura.com\\\/home\\\/gasura\\\/#primaryimage\",\"url\":\"https:\\\/\\\/autoabasura.com\\\/home\\\/wp-content\\\/uploads\\\/2022\\\/04\\\/Resumen-R40-LQ-Ju-a-Mza-Excel-a-JPG-2-scaled.jpg\",\"contentUrl\":\"https:\\\/\\\/autoabasura.com\\\/home\\\/wp-content\\\/uploads\\\/2022\\\/04\\\/Resumen-R40-LQ-Ju-a-Mza-Excel-a-JPG-2-scaled.jpg\",\"width\":2560,\"height\":1478},{\"@type\":\"BreadcrumbList\",\"@id\":\"https:\\\/\\\/autoabasura.com\\\/home\\\/gasura\\\/#breadcrumb\",\"itemListElement\":[{\"@type\":\"ListItem\",\"position\":1,\"name\":\"Portada\",\"item\":\"https:\\\/\\\/autoabasura.com\\\/home\\\/\"},{\"@type\":\"ListItem\",\"position\":2,\"name\":\"Gasura\"}]},{\"@type\":\"WebSite\",\"@id\":\"https:\\\/\\\/autoabasura.com\\\/home\\\/#website\",\"url\":\"https:\\\/\\\/autoabasura.com\\\/home\\\/\",\"name\":\"Auto a basura\",\"description\":\"\",\"publisher\":{\"@id\":\"https:\\\/\\\/autoabasura.com\\\/home\\\/#organization\"},\"potentialAction\":[{\"@type\":\"SearchAction\",\"target\":{\"@type\":\"EntryPoint\",\"urlTemplate\":\"https:\\\/\\\/autoabasura.com\\\/home\\\/?s={search_term_string}\"},\"query-input\":{\"@type\":\"PropertyValueSpecification\",\"valueRequired\":true,\"valueName\":\"search_term_string\"}}],\"inLanguage\":\"es\"},{\"@type\":\"Organization\",\"@id\":\"https:\\\/\\\/autoabasura.com\\\/home\\\/#organization\",\"name\":\"Auto a basura\",\"url\":\"https:\\\/\\\/autoabasura.com\\\/home\\\/\",\"logo\":{\"@type\":\"ImageObject\",\"inLanguage\":\"es\",\"@id\":\"https:\\\/\\\/autoabasura.com\\\/home\\\/#\\\/schema\\\/logo\\\/image\\\/\",\"url\":\"https:\\\/\\\/autoabasura.com\\\/home\\\/wp-content\\\/uploads\\\/2023\\\/03\\\/logo-sin-fondo.png\",\"contentUrl\":\"https:\\\/\\\/autoabasura.com\\\/home\\\/wp-content\\\/uploads\\\/2023\\\/03\\\/logo-sin-fondo.png\",\"width\":2182,\"height\":930,\"caption\":\"Auto a basura\"},\"image\":{\"@id\":\"https:\\\/\\\/autoabasura.com\\\/home\\\/#\\\/schema\\\/logo\\\/image\\\/\"}}]}<\/script>\n<!-- \/ Yoast SEO plugin. -->","yoast_head_json":{"title":"Gasura - Auto a basura","robots":{"index":"index","follow":"follow","max-snippet":"max-snippet:-1","max-image-preview":"max-image-preview:large","max-video-preview":"max-video-preview:-1"},"canonical":"https:\/\/autoabasura.com\/home\/gasura\/","og_locale":"es_ES","og_type":"article","og_title":"Gasura - Auto a basura","og_description":"Hasta tanto, puedes ir leyendo la definici\u00f3n en Wikipedia. Buscala como GASURA en Wikipedia ESPA\u00d1OL. Resumen R40 La Quiaca (Jujuy) a R\u00edo Gallegos (S. Cruz) Aqu\u00ed se pueden descargar dos imagenes JPG. En la imagen 1 esta un resumen del recorrido desde La Quica (Jujuy) hasta Mendoza capital y la imagen 2 un resumen desde [&hellip;]","og_url":"https:\/\/autoabasura.com\/home\/gasura\/","og_site_name":"Auto a basura","article_modified_time":"2022-04-17T16:04:29+00:00","og_image":[{"url":"https:\/\/autoabasura.com\/home\/wp-content\/uploads\/2022\/04\/Resumen-R40-LQ-Ju-a-Mza-Excel-a-JPG-2-1024x591.jpg","type":"","width":"","height":""}],"twitter_card":"summary_large_image","twitter_misc":{"Tiempo de lectura":"1 minuto"},"schema":{"@context":"https:\/\/schema.org","@graph":[{"@type":"WebPage","@id":"https:\/\/autoabasura.com\/home\/gasura\/","url":"https:\/\/autoabasura.com\/home\/gasura\/","name":"Gasura - Auto a basura","isPartOf":{"@id":"https:\/\/autoabasura.com\/home\/#website"},"primaryImageOfPage":{"@id":"https:\/\/autoabasura.com\/home\/gasura\/#primaryimage"},"image":{"@id":"https:\/\/autoabasura.com\/home\/gasura\/#primaryimage"},"thumbnailUrl":"https:\/\/autoabasura.com\/home\/wp-content\/uploads\/2022\/04\/Resumen-R40-LQ-Ju-a-Mza-Excel-a-JPG-2-1024x591.jpg","datePublished":"2022-03-20T05:57:19+00:00","dateModified":"2022-04-17T16:04:29+00:00","breadcrumb":{"@id":"https:\/\/autoabasura.com\/home\/gasura\/#breadcrumb"},"inLanguage":"es","potentialAction":[{"@type":"ReadAction","target":["https:\/\/autoabasura.com\/home\/gasura\/"]}]},{"@type":"ImageObject","inLanguage":"es","@id":"https:\/\/autoabasura.com\/home\/gasura\/#primaryimage","url":"https:\/\/autoabasura.com\/home\/wp-content\/uploads\/2022\/04\/Resumen-R40-LQ-Ju-a-Mza-Excel-a-JPG-2-scaled.jpg","contentUrl":"https:\/\/autoabasura.com\/home\/wp-content\/uploads\/2022\/04\/Resumen-R40-LQ-Ju-a-Mza-Excel-a-JPG-2-scaled.jpg","width":2560,"height":1478},{"@type":"BreadcrumbList","@id":"https:\/\/autoabasura.com\/home\/gasura\/#breadcrumb","itemListElement":[{"@type":"ListItem","position":1,"name":"Portada","item":"https:\/\/autoabasura.com\/home\/"},{"@type":"ListItem","position":2,"name":"Gasura"}]},{"@type":"WebSite","@id":"https:\/\/autoabasura.com\/home\/#website","url":"https:\/\/autoabasura.com\/home\/","name":"Auto a basura","description":"","publisher":{"@id":"https:\/\/autoabasura.com\/home\/#organization"},"potentialAction":[{"@type":"SearchAction","target":{"@type":"EntryPoint","urlTemplate":"https:\/\/autoabasura.com\/home\/?s={search_term_string}"},"query-input":{"@type":"PropertyValueSpecification","valueRequired":true,"valueName":"search_term_string"}}],"inLanguage":"es"},{"@type":"Organization","@id":"https:\/\/autoabasura.com\/home\/#organization","name":"Auto a basura","url":"https:\/\/autoabasura.com\/home\/","logo":{"@type":"ImageObject","inLanguage":"es","@id":"https:\/\/autoabasura.com\/home\/#\/schema\/logo\/image\/","url":"https:\/\/autoabasura.com\/home\/wp-content\/uploads\/2023\/03\/logo-sin-fondo.png","contentUrl":"https:\/\/autoabasura.com\/home\/wp-content\/uploads\/2023\/03\/logo-sin-fondo.png","width":2182,"height":930,"caption":"Auto a basura"},"image":{"@id":"https:\/\/autoabasura.com\/home\/#\/schema\/logo\/image\/"}}]}},"jetpack_sharing_enabled":true,"jetpack-related-posts":[],"jetpack_shortlink":"https:\/\/wp.me\/PeJyB5-1z","_links":{"self":[{"href":"https:\/\/autoabasura.com\/home\/wp-json\/wp\/v2\/pages\/97","targetHints":{"allow":["GET"]}}],"collection":[{"href":"https:\/\/autoabasura.com\/home\/wp-json\/wp\/v2\/pages"}],"about":[{"href":"https:\/\/autoabasura.com\/home\/wp-json\/wp\/v2\/types\/page"}],"author":[{"embeddable":true,"href":"https:\/\/autoabasura.com\/home\/wp-json\/wp\/v2\/users\/3"}],"replies":[{"embeddable":true,"href":"https:\/\/autoabasura.com\/home\/wp-json\/wp\/v2\/comments?post=97"}],"version-history":[{"count":21,"href":"https:\/\/autoabasura.com\/home\/wp-json\/wp\/v2\/pages\/97\/revisions"}],"predecessor-version":[{"id":371,"href":"https:\/\/autoabasura.com\/home\/wp-json\/wp\/v2\/pages\/97\/revisions\/371"}],"wp:attachment":[{"href":"https:\/\/autoabasura.com\/home\/wp-json\/wp\/v2\/media?parent=97"}],"curies":[{"name":"wp","href":"https:\/\/api.w.org\/{rel}","templated":true}]}}