{"id":595,"date":"2025-09-28T17:11:14","date_gmt":"2025-09-28T20:11:14","guid":{"rendered":"https:\/\/autoabasura.com\/home\/?page_id=595"},"modified":"2025-09-28T17:11:15","modified_gmt":"2025-09-28T20:11:15","slug":"publicaciones-de-autoabasura-com","status":"publish","type":"page","link":"https:\/\/autoabasura.com\/home\/publicaciones-de-autoabasura-com\/","title":{"rendered":"PUBLICACIONES DE AUTOABASURA.COM"},"content":{"rendered":"<ul class=\"wp-block-latest-posts__list has-dates aligncenter wp-block-latest-posts\"><li><a class=\"wp-block-latest-posts__post-title\" href=\"https:\/\/autoabasura.com\/home\/novedades-auto-a-basura\/\">\u00a1Novedades en Auto a Basura!<\/a><time datetime=\"2025-09-28T15:31:48-03:00\" class=\"wp-block-latest-posts__post-date\">28 septiembre, 2025<\/time><div class=\"wp-block-latest-posts__post-excerpt\">Como ya lo saben, en Auto a Basura estamos comprometidos con el futuro de la movilidad y la sostenibilidad. Hoy, queremos compartirles algunas&#8230; <a class=\"wp-block-latest-posts__read-more\" href=\"https:\/\/autoabasura.com\/home\/novedades-auto-a-basura\/\" rel=\"noopener noreferrer\">Lee m\u00e1s<span class=\"screen-reader-text\">: \u00a1Novedades en Auto a Basura!<\/span><\/a><\/div><\/li>\n<li><a class=\"wp-block-latest-posts__post-title\" href=\"https:\/\/autoabasura.com\/home\/calefaccionar-a-basura\/\">\u00a1Cocinar y calefaccionar con basura y agua!<\/a><time datetime=\"2024-05-20T18:56:03-03:00\" class=\"wp-block-latest-posts__post-date\">20 mayo, 2024<\/time><div class=\"wp-block-latest-posts__post-excerpt\">\u00bfSab\u00edas que puedes cocinar y calefaccionar tu hogar utilizando \u00fanicamente basura y agua? Se usa un combustible alternativo llamado \u00abGasura\u00bb que se describe&#8230; <a class=\"wp-block-latest-posts__read-more\" href=\"https:\/\/autoabasura.com\/home\/calefaccionar-a-basura\/\" rel=\"noopener noreferrer\">Lee m\u00e1s<span class=\"screen-reader-text\">: \u00a1Cocinar y calefaccionar con basura y agua!<\/span><\/a><\/div><\/li>\n<li><a class=\"wp-block-latest-posts__post-title\" href=\"https:\/\/autoabasura.com\/home\/electricidad-gratis-con-basura\/\">\u00a1Genera electricidad gratis en tu casa con basura!<\/a><time datetime=\"2024-03-25T15:22:57-03:00\" class=\"wp-block-latest-posts__post-date\">25 marzo, 2024<\/time><div class=\"wp-block-latest-posts__post-excerpt\">Un nuevo proyecto innovador te permite convertir la basura en electricidad gratis para tu hogar. Este sistema utiliza un moto-generador el\u00e9ctrico alimentado por&#8230; <a class=\"wp-block-latest-posts__read-more\" href=\"https:\/\/autoabasura.com\/home\/electricidad-gratis-con-basura\/\" rel=\"noopener noreferrer\">Lee m\u00e1s<span class=\"screen-reader-text\">: \u00a1Genera electricidad gratis en tu casa con basura!<\/span><\/a><\/div><\/li>\n<li><a class=\"wp-block-latest-posts__post-title\" href=\"https:\/\/autoabasura.com\/home\/auto-a-basura-en-version-3d-y-ar\/\">Auto a Basura en versi\u00f3n 3D y Realidad Aumentada<\/a><time datetime=\"2023-12-04T20:43:46-03:00\" class=\"wp-block-latest-posts__post-date\">4 diciembre, 2023<\/time><div class=\"wp-block-latest-posts__post-excerpt\">En la b\u00fasqueda de soluciones ecol\u00f3gicas para la movilidad, Esteban Balay y su empresa: 3Destinyra, han creado un innovador modelo en 3D del&#8230; <a class=\"wp-block-latest-posts__read-more\" href=\"https:\/\/autoabasura.com\/home\/auto-a-basura-en-version-3d-y-ar\/\" rel=\"noopener noreferrer\">Lee m\u00e1s<span class=\"screen-reader-text\">: Auto a Basura en versi\u00f3n 3D y Realidad Aumentada<\/span><\/a><\/div><\/li>\n<li><a class=\"wp-block-latest-posts__post-title\" href=\"https:\/\/autoabasura.com\/home\/importante-aviso-instagram-y-tiktok-hackeados\/\">MOTO A BASURA<\/a><time datetime=\"2023-11-08T16:30:18-03:00\" class=\"wp-block-latest-posts__post-date\">8 noviembre, 2023<\/time><div class=\"wp-block-latest-posts__post-excerpt\">Tambien se ha adaptado una motocicleta que funciona a gasolina o a basura. Es una moto Honda Biz de 125cc. El costo de&#8230; <a class=\"wp-block-latest-posts__read-more\" href=\"https:\/\/autoabasura.com\/home\/importante-aviso-instagram-y-tiktok-hackeados\/\" rel=\"noopener noreferrer\">Lee m\u00e1s<span class=\"screen-reader-text\">: MOTO A BASURA<\/span><\/a><\/div><\/li>\n<li><a class=\"wp-block-latest-posts__post-title\" href=\"https:\/\/autoabasura.com\/home\/cuidar-el-medioambiente\/\">\u00abCumplir nuestros sue\u00f1os y cuidar el medio ambiente\u00bb<\/a><time datetime=\"2023-09-04T17:45:22-03:00\" class=\"wp-block-latest-posts__post-date\">4 septiembre, 2023<\/time><div class=\"wp-block-latest-posts__post-excerpt\">Hola a todos, soy el orgulloso propietario de un veh\u00edculo verdaderamente \u00fanico: un Ford Falcon Ranchera modelo 1983 al que cari\u00f1osamente he llamado&#8230; <a class=\"wp-block-latest-posts__read-more\" href=\"https:\/\/autoabasura.com\/home\/cuidar-el-medioambiente\/\" rel=\"noopener noreferrer\">Lee m\u00e1s<span class=\"screen-reader-text\">: \u00abCumplir nuestros sue\u00f1os y cuidar el medio ambiente\u00bb<\/span><\/a><\/div><\/li>\n<li><a class=\"wp-block-latest-posts__post-title\" href=\"https:\/\/autoabasura.com\/home\/motor-diesel-funciona-con-gasura\/\">Motor diesel funciona con gasura<\/a><time datetime=\"2023-07-17T15:59:20-03:00\" class=\"wp-block-latest-posts__post-date\">17 julio, 2023<\/time><div class=\"wp-block-latest-posts__post-excerpt\">Hace pocos d\u00edas me han dado la feliz noticia de que alguien, muy lejos de aqui, puso a funcionar un motor diesel con&#8230; <a class=\"wp-block-latest-posts__read-more\" href=\"https:\/\/autoabasura.com\/home\/motor-diesel-funciona-con-gasura\/\" rel=\"noopener noreferrer\">Lee m\u00e1s<span class=\"screen-reader-text\">: Motor diesel funciona con gasura<\/span><\/a><\/div><\/li>\n<li><a class=\"wp-block-latest-posts__post-title\" href=\"https:\/\/autoabasura.com\/home\/gasificador-a-basura\/\">Gasificador de gasura alrededor del mundo.<\/a><time datetime=\"2023-05-23T15:00:39-03:00\" class=\"wp-block-latest-posts__post-date\">23 mayo, 2023<\/time><div class=\"wp-block-latest-posts__post-excerpt\">La b\u00fasqueda de avances en tecnolog\u00eda energ\u00e9tica y las alternativas m\u00e1s sostenibles me han acercado a muchas personas alrededor del mundo interesadas en&#8230; <a class=\"wp-block-latest-posts__read-more\" href=\"https:\/\/autoabasura.com\/home\/gasificador-a-basura\/\" rel=\"noopener noreferrer\">Lee m\u00e1s<span class=\"screen-reader-text\">: Gasificador de gasura alrededor del mundo.<\/span><\/a><\/div><\/li>\n<li><a class=\"wp-block-latest-posts__post-title\" href=\"https:\/\/autoabasura.com\/home\/vehiculo-ecologico-emite-oxigeno\/\">\u00a1Un veh\u00edculo ecol\u00f3gico que emite ox\u00edgeno!<\/a><time datetime=\"2023-05-16T12:48:19-03:00\" class=\"wp-block-latest-posts__post-date\">16 mayo, 2023<\/time><div class=\"wp-block-latest-posts__post-excerpt\">Si, leyeron bien&#8230; \u00a1ox\u00edgeno! El art\u00edculo publicado anteriormente ha despertado la curiosidad de muchas personas, por lo cual he recibido bastantes consultas sobre&#8230; <a class=\"wp-block-latest-posts__read-more\" href=\"https:\/\/autoabasura.com\/home\/vehiculo-ecologico-emite-oxigeno\/\" rel=\"noopener noreferrer\">Lee m\u00e1s<span class=\"screen-reader-text\">: \u00a1Un veh\u00edculo ecol\u00f3gico que emite ox\u00edgeno!<\/span><\/a><\/div><\/li>\n<li><a class=\"wp-block-latest-posts__post-title\" href=\"https:\/\/autoabasura.com\/home\/auto-ecologico\/\">Un auto ecol\u00f3gico que produce ox\u00edgeno<\/a><time datetime=\"2023-04-28T12:22:08-03:00\" class=\"wp-block-latest-posts__post-date\">28 abril, 2023<\/time><div class=\"wp-block-latest-posts__post-excerpt\">Buenos d\u00edas a todos, saludos desde C\u00f3rdoba, Argentina. Soy el Ingeniero Edmundo Ramos el creador de un sistema que genera energ\u00eda utilizando residuos&#8230; <a class=\"wp-block-latest-posts__read-more\" href=\"https:\/\/autoabasura.com\/home\/auto-ecologico\/\" rel=\"noopener noreferrer\">Lee m\u00e1s<span class=\"screen-reader-text\">: Un auto ecol\u00f3gico que produce ox\u00edgeno<\/span><\/a><\/div><\/li>\n<li><a class=\"wp-block-latest-posts__post-title\" href=\"https:\/\/autoabasura.com\/home\/auto-a-basura\/\">Andar en auto a basura&#8230; \u00a1Es posible!<\/a><time datetime=\"2023-04-17T17:09:00-03:00\" class=\"wp-block-latest-posts__post-date\">17 abril, 2023<\/time><div class=\"wp-block-latest-posts__post-excerpt\">\u00a1Bienvenidos a todos! Si est\u00e1n buscando informaci\u00f3n sobre c\u00f3mo andar en un auto a basura est\u00e1s en el sitio correcto! \/ Welcome If&#8230; <a class=\"wp-block-latest-posts__read-more\" href=\"https:\/\/autoabasura.com\/home\/auto-a-basura\/\" rel=\"noopener noreferrer\">Lee m\u00e1s<span class=\"screen-reader-text\">: Andar en auto a basura&#8230; \u00a1Es posible!<\/span><\/a><\/div><\/li>\n<\/ul>","protected":false},"excerpt":{"rendered":"","protected":false},"author":4,"featured_media":0,"parent":0,"menu_order":0,"comment_status":"closed","ping_status":"closed","template":"","meta":{"footnotes":""},"class_list":["post-595","page","type-page","status-publish","hentry","post"],"yoast_head":"<!-- This site is optimized with the Yoast SEO plugin v27.5 - https:\/\/yoast.com\/product\/yoast-seo-wordpress\/ -->\n<title>PUBLICACIONES DE AUTOABASURA.COM - Auto a basura<\/title>\n<meta name=\"robots\" content=\"index, follow, max-snippet:-1, max-image-preview:large, max-video-preview:-1\" \/>\n<link rel=\"canonical\" href=\"https:\/\/autoabasura.com\/home\/publicaciones-de-autoabasura-com\/\" \/>\n<meta property=\"og:locale\" content=\"es_ES\" \/>\n<meta property=\"og:type\" content=\"article\" \/>\n<meta property=\"og:title\" content=\"PUBLICACIONES DE AUTOABASURA.COM - Auto a basura\" \/>\n<meta property=\"og:url\" content=\"https:\/\/autoabasura.com\/home\/publicaciones-de-autoabasura-com\/\" \/>\n<meta property=\"og:site_name\" content=\"Auto a basura\" \/>\n<meta property=\"article:modified_time\" content=\"2025-09-28T20:11:15+00:00\" \/>\n<meta name=\"twitter:card\" content=\"summary_large_image\" \/>\n<script type=\"application\/ld+json\" class=\"yoast-schema-graph\">{\"@context\":\"https:\\\/\\\/schema.org\",\"@graph\":[{\"@type\":\"WebPage\",\"@id\":\"https:\\\/\\\/autoabasura.com\\\/home\\\/publicaciones-de-autoabasura-com\\\/\",\"url\":\"https:\\\/\\\/autoabasura.com\\\/home\\\/publicaciones-de-autoabasura-com\\\/\",\"name\":\"PUBLICACIONES DE AUTOABASURA.COM - Auto a basura\",\"isPartOf\":{\"@id\":\"https:\\\/\\\/autoabasura.com\\\/home\\\/#website\"},\"datePublished\":\"2025-09-28T20:11:14+00:00\",\"dateModified\":\"2025-09-28T20:11:15+00:00\",\"breadcrumb\":{\"@id\":\"https:\\\/\\\/autoabasura.com\\\/home\\\/publicaciones-de-autoabasura-com\\\/#breadcrumb\"},\"inLanguage\":\"es\",\"potentialAction\":[{\"@type\":\"ReadAction\",\"target\":[\"https:\\\/\\\/autoabasura.com\\\/home\\\/publicaciones-de-autoabasura-com\\\/\"]}]},{\"@type\":\"BreadcrumbList\",\"@id\":\"https:\\\/\\\/autoabasura.com\\\/home\\\/publicaciones-de-autoabasura-com\\\/#breadcrumb\",\"itemListElement\":[{\"@type\":\"ListItem\",\"position\":1,\"name\":\"Portada\",\"item\":\"https:\\\/\\\/autoabasura.com\\\/home\\\/\"},{\"@type\":\"ListItem\",\"position\":2,\"name\":\"PUBLICACIONES DE AUTOABASURA.COM\"}]},{\"@type\":\"WebSite\",\"@id\":\"https:\\\/\\\/autoabasura.com\\\/home\\\/#website\",\"url\":\"https:\\\/\\\/autoabasura.com\\\/home\\\/\",\"name\":\"Auto a basura\",\"description\":\"\",\"publisher\":{\"@id\":\"https:\\\/\\\/autoabasura.com\\\/home\\\/#organization\"},\"potentialAction\":[{\"@type\":\"SearchAction\",\"target\":{\"@type\":\"EntryPoint\",\"urlTemplate\":\"https:\\\/\\\/autoabasura.com\\\/home\\\/?s={search_term_string}\"},\"query-input\":{\"@type\":\"PropertyValueSpecification\",\"valueRequired\":true,\"valueName\":\"search_term_string\"}}],\"inLanguage\":\"es\"},{\"@type\":\"Organization\",\"@id\":\"https:\\\/\\\/autoabasura.com\\\/home\\\/#organization\",\"name\":\"Auto a basura\",\"url\":\"https:\\\/\\\/autoabasura.com\\\/home\\\/\",\"logo\":{\"@type\":\"ImageObject\",\"inLanguage\":\"es\",\"@id\":\"https:\\\/\\\/autoabasura.com\\\/home\\\/#\\\/schema\\\/logo\\\/image\\\/\",\"url\":\"https:\\\/\\\/autoabasura.com\\\/home\\\/wp-content\\\/uploads\\\/2023\\\/03\\\/logo-sin-fondo.png\",\"contentUrl\":\"https:\\\/\\\/autoabasura.com\\\/home\\\/wp-content\\\/uploads\\\/2023\\\/03\\\/logo-sin-fondo.png\",\"width\":2182,\"height\":930,\"caption\":\"Auto a basura\"},\"image\":{\"@id\":\"https:\\\/\\\/autoabasura.com\\\/home\\\/#\\\/schema\\\/logo\\\/image\\\/\"}}]}<\/script>\n<!-- \/ Yoast SEO plugin. -->","yoast_head_json":{"title":"PUBLICACIONES DE AUTOABASURA.COM - Auto a basura","robots":{"index":"index","follow":"follow","max-snippet":"max-snippet:-1","max-image-preview":"max-image-preview:large","max-video-preview":"max-video-preview:-1"},"canonical":"https:\/\/autoabasura.com\/home\/publicaciones-de-autoabasura-com\/","og_locale":"es_ES","og_type":"article","og_title":"PUBLICACIONES DE AUTOABASURA.COM - Auto a basura","og_url":"https:\/\/autoabasura.com\/home\/publicaciones-de-autoabasura-com\/","og_site_name":"Auto a basura","article_modified_time":"2025-09-28T20:11:15+00:00","twitter_card":"summary_large_image","schema":{"@context":"https:\/\/schema.org","@graph":[{"@type":"WebPage","@id":"https:\/\/autoabasura.com\/home\/publicaciones-de-autoabasura-com\/","url":"https:\/\/autoabasura.com\/home\/publicaciones-de-autoabasura-com\/","name":"PUBLICACIONES DE AUTOABASURA.COM - Auto a basura","isPartOf":{"@id":"https:\/\/autoabasura.com\/home\/#website"},"datePublished":"2025-09-28T20:11:14+00:00","dateModified":"2025-09-28T20:11:15+00:00","breadcrumb":{"@id":"https:\/\/autoabasura.com\/home\/publicaciones-de-autoabasura-com\/#breadcrumb"},"inLanguage":"es","potentialAction":[{"@type":"ReadAction","target":["https:\/\/autoabasura.com\/home\/publicaciones-de-autoabasura-com\/"]}]},{"@type":"BreadcrumbList","@id":"https:\/\/autoabasura.com\/home\/publicaciones-de-autoabasura-com\/#breadcrumb","itemListElement":[{"@type":"ListItem","position":1,"name":"Portada","item":"https:\/\/autoabasura.com\/home\/"},{"@type":"ListItem","position":2,"name":"PUBLICACIONES DE AUTOABASURA.COM"}]},{"@type":"WebSite","@id":"https:\/\/autoabasura.com\/home\/#website","url":"https:\/\/autoabasura.com\/home\/","name":"Auto a basura","description":"","publisher":{"@id":"https:\/\/autoabasura.com\/home\/#organization"},"potentialAction":[{"@type":"SearchAction","target":{"@type":"EntryPoint","urlTemplate":"https:\/\/autoabasura.com\/home\/?s={search_term_string}"},"query-input":{"@type":"PropertyValueSpecification","valueRequired":true,"valueName":"search_term_string"}}],"inLanguage":"es"},{"@type":"Organization","@id":"https:\/\/autoabasura.com\/home\/#organization","name":"Auto a basura","url":"https:\/\/autoabasura.com\/home\/","logo":{"@type":"ImageObject","inLanguage":"es","@id":"https:\/\/autoabasura.com\/home\/#\/schema\/logo\/image\/","url":"https:\/\/autoabasura.com\/home\/wp-content\/uploads\/2023\/03\/logo-sin-fondo.png","contentUrl":"https:\/\/autoabasura.com\/home\/wp-content\/uploads\/2023\/03\/logo-sin-fondo.png","width":2182,"height":930,"caption":"Auto a basura"},"image":{"@id":"https:\/\/autoabasura.com\/home\/#\/schema\/logo\/image\/"}}]}},"jetpack_sharing_enabled":true,"jetpack-related-posts":[],"jetpack_shortlink":"https:\/\/wp.me\/PeJyB5-9B","_links":{"self":[{"href":"https:\/\/autoabasura.com\/home\/wp-json\/wp\/v2\/pages\/595","targetHints":{"allow":["GET"]}}],"collection":[{"href":"https:\/\/autoabasura.com\/home\/wp-json\/wp\/v2\/pages"}],"about":[{"href":"https:\/\/autoabasura.com\/home\/wp-json\/wp\/v2\/types\/page"}],"author":[{"embeddable":true,"href":"https:\/\/autoabasura.com\/home\/wp-json\/wp\/v2\/users\/4"}],"replies":[{"embeddable":true,"href":"https:\/\/autoabasura.com\/home\/wp-json\/wp\/v2\/comments?post=595"}],"version-history":[{"count":4,"href":"https:\/\/autoabasura.com\/home\/wp-json\/wp\/v2\/pages\/595\/revisions"}],"predecessor-version":[{"id":599,"href":"https:\/\/autoabasura.com\/home\/wp-json\/wp\/v2\/pages\/595\/revisions\/599"}],"wp:attachment":[{"href":"https:\/\/autoabasura.com\/home\/wp-json\/wp\/v2\/media?parent=595"}],"curies":[{"name":"wp","href":"https:\/\/api.w.org\/{rel}","templated":true}]}}