{"id":114,"date":"2022-03-20T06:07:41","date_gmt":"2022-03-20T06:07:41","guid":{"rendered":"https:\/\/autoabasura.com\/home\/?page_id=114"},"modified":"2022-03-21T01:34:20","modified_gmt":"2022-03-21T01:34:20","slug":"medios","status":"publish","type":"page","link":"https:\/\/autoabasura.com\/home\/medios\/","title":{"rendered":"Medios"},"content":{"rendered":"\n<div class=\"wp-block-columns is-layout-flex wp-container-core-columns-is-layout-9d6595d7 wp-block-columns-is-layout-flex\">\n<div class=\"wp-block-column has-black-color has-blush-light-purple-gradient-background has-text-color has-background is-layout-flow wp-block-column-is-layout-flow\">\n<h2 class=\"has-text-align-center has-black-color has-text-color wp-block-heading\">Notas period\u00edsticas<\/h2>\n\n\n\n<p class=\"has-text-align-center has-background\" style=\"background-color:#d9f0ff\"><a href=\"https:\/\/autoabasura.com\/home\/notas-periodisticas\/\"><strong>Links a las notas realizadas en diversos medios por el Auto a basura (Gasura)<\/strong><\/a><\/p>\n<\/div>\n\n\n\n<div class=\"wp-block-column has-background is-layout-flow wp-block-column-is-layout-flow\" style=\"background:linear-gradient(135deg,rgb(238,216,169) 0%,rgb(182,227,212) 50%,rgb(51,167,181) 100%)\">\n<h2 class=\"has-text-align-center has-black-color has-text-color wp-block-heading\">Viajes<\/h2>\n\n\n\n<p class=\"has-text-align-center has-background\" style=\"background-color:#def2ff\"><a href=\"https:\/\/autoabasura.com\/home\/viajes\/\"><strong>An\u00e9cdotas de los viajes realizados con el Auto a Basura.<\/strong><\/a><\/p>\n\n\n\n<p class=\"has-text-align-center\"><strong>Estad\u00edsticas, mediciones, hallazgos, etc.<\/strong><\/p>\n<\/div>\n\n\n\n<div class=\"wp-block-column has-vivid-red-color has-blush-light-purple-gradient-background has-text-color has-background is-layout-flow wp-block-column-is-layout-flow\">\n<h2 class=\"has-text-align-center has-black-color has-text-color wp-block-heading\">Blog<\/h2>\n\n\n\n<p class=\"has-text-align-center has-background\" style=\"background-color:#e5f1ff\"><a href=\"https:\/\/autoabasura.com\/home\/notas\/\"><strong>Notas sobre diversos temas relacionados al contenido de la p\u00e1gina.<\/strong><\/a><\/p>\n\n\n\n<p class=\"has-text-align-center\"><strong>Agradecimientos, menciones, cr\u00f3nicas.<\/strong><\/p>\n<\/div>\n<\/div>\n\n\n\n<div class=\"wp-block-columns is-layout-flex wp-container-core-columns-is-layout-9d6595d7 wp-block-columns-is-layout-flex\">\n<div class=\"wp-block-column has-blush-light-purple-gradient-background has-background is-layout-flow wp-block-column-is-layout-flow\">\n<h2 class=\"has-text-align-center wp-block-heading\">Fotos<\/h2>\n\n\n\n<p class=\"has-text-align-center has-background\" style=\"background-color:#d8f0ff\"><a href=\"https:\/\/autoabasura.com\/home\/fotos\/\"><strong>Almac\u00e9n fotogr\u00e1fico del desarrollo del proyecto del auto a basura. <\/strong><\/a><\/p>\n<\/div>\n\n\n\n<div class=\"wp-block-column has-pale-ocean-gradient-background has-background is-layout-flow wp-block-column-is-layout-flow\">\n<h2 class=\"has-text-align-center wp-block-heading\">Videos<\/h2>\n\n\n\n<p class=\"has-text-align-center has-background\" style=\"background-color:#e3f4ff\"><a href=\"https:\/\/autoabasura.com\/home\/videos\/\"><strong>Registros en video de vivencias en viajes, del armado del Auto a basura y de notas period\u00edsticas.<\/strong><\/a><\/p>\n<\/div>\n<\/div>\n","protected":false},"excerpt":{"rendered":"<p>Notas period\u00edsticas Links a las notas realizadas en diversos medios por el Auto a basura (Gasura) Viajes An\u00e9cdotas de los viajes realizados con el Auto a Basura. Estad\u00edsticas, mediciones, hallazgos, etc. Blog Notas sobre diversos temas relacionados al contenido de la p\u00e1gina. Agradecimientos, menciones, cr\u00f3nicas. Fotos Almac\u00e9n fotogr\u00e1fico del desarrollo del proyecto del auto a [&hellip;]<\/p>\n","protected":false},"author":3,"featured_media":0,"parent":0,"menu_order":0,"comment_status":"closed","ping_status":"closed","template":"","meta":{"footnotes":""},"class_list":["post-114","page","type-page","status-publish","hentry","post"],"yoast_head":"<!-- This site is optimized with the Yoast SEO plugin v27.5 - https:\/\/yoast.com\/product\/yoast-seo-wordpress\/ -->\n<title>Medios - Auto a basura<\/title>\n<meta name=\"robots\" content=\"index, follow, max-snippet:-1, max-image-preview:large, max-video-preview:-1\" \/>\n<link rel=\"canonical\" href=\"https:\/\/autoabasura.com\/home\/medios\/\" \/>\n<meta property=\"og:locale\" content=\"es_ES\" \/>\n<meta property=\"og:type\" content=\"article\" \/>\n<meta property=\"og:title\" content=\"Medios - Auto a basura\" \/>\n<meta property=\"og:description\" content=\"Notas period\u00edsticas Links a las notas realizadas en diversos medios por el Auto a basura (Gasura) Viajes An\u00e9cdotas de los viajes realizados con el Auto a Basura. Estad\u00edsticas, mediciones, hallazgos, etc. Blog Notas sobre diversos temas relacionados al contenido de la p\u00e1gina. Agradecimientos, menciones, cr\u00f3nicas. Fotos Almac\u00e9n fotogr\u00e1fico del desarrollo del proyecto del auto a [&hellip;]\" \/>\n<meta property=\"og:url\" content=\"https:\/\/autoabasura.com\/home\/medios\/\" \/>\n<meta property=\"og:site_name\" content=\"Auto a basura\" \/>\n<meta property=\"article:modified_time\" content=\"2022-03-21T01:34:20+00:00\" \/>\n<meta name=\"twitter:card\" content=\"summary_large_image\" \/>\n<meta name=\"twitter:label1\" content=\"Tiempo de lectura\" \/>\n\t<meta name=\"twitter:data1\" content=\"1 minuto\" \/>\n<script type=\"application\/ld+json\" class=\"yoast-schema-graph\">{\"@context\":\"https:\\\/\\\/schema.org\",\"@graph\":[{\"@type\":\"WebPage\",\"@id\":\"https:\\\/\\\/autoabasura.com\\\/home\\\/medios\\\/\",\"url\":\"https:\\\/\\\/autoabasura.com\\\/home\\\/medios\\\/\",\"name\":\"Medios - Auto a basura\",\"isPartOf\":{\"@id\":\"https:\\\/\\\/autoabasura.com\\\/home\\\/#website\"},\"datePublished\":\"2022-03-20T06:07:41+00:00\",\"dateModified\":\"2022-03-21T01:34:20+00:00\",\"breadcrumb\":{\"@id\":\"https:\\\/\\\/autoabasura.com\\\/home\\\/medios\\\/#breadcrumb\"},\"inLanguage\":\"es\",\"potentialAction\":[{\"@type\":\"ReadAction\",\"target\":[\"https:\\\/\\\/autoabasura.com\\\/home\\\/medios\\\/\"]}]},{\"@type\":\"BreadcrumbList\",\"@id\":\"https:\\\/\\\/autoabasura.com\\\/home\\\/medios\\\/#breadcrumb\",\"itemListElement\":[{\"@type\":\"ListItem\",\"position\":1,\"name\":\"Portada\",\"item\":\"https:\\\/\\\/autoabasura.com\\\/home\\\/\"},{\"@type\":\"ListItem\",\"position\":2,\"name\":\"Medios\"}]},{\"@type\":\"WebSite\",\"@id\":\"https:\\\/\\\/autoabasura.com\\\/home\\\/#website\",\"url\":\"https:\\\/\\\/autoabasura.com\\\/home\\\/\",\"name\":\"Auto a basura\",\"description\":\"\",\"publisher\":{\"@id\":\"https:\\\/\\\/autoabasura.com\\\/home\\\/#organization\"},\"potentialAction\":[{\"@type\":\"SearchAction\",\"target\":{\"@type\":\"EntryPoint\",\"urlTemplate\":\"https:\\\/\\\/autoabasura.com\\\/home\\\/?s={search_term_string}\"},\"query-input\":{\"@type\":\"PropertyValueSpecification\",\"valueRequired\":true,\"valueName\":\"search_term_string\"}}],\"inLanguage\":\"es\"},{\"@type\":\"Organization\",\"@id\":\"https:\\\/\\\/autoabasura.com\\\/home\\\/#organization\",\"name\":\"Auto a basura\",\"url\":\"https:\\\/\\\/autoabasura.com\\\/home\\\/\",\"logo\":{\"@type\":\"ImageObject\",\"inLanguage\":\"es\",\"@id\":\"https:\\\/\\\/autoabasura.com\\\/home\\\/#\\\/schema\\\/logo\\\/image\\\/\",\"url\":\"https:\\\/\\\/autoabasura.com\\\/home\\\/wp-content\\\/uploads\\\/2023\\\/03\\\/logo-sin-fondo.png\",\"contentUrl\":\"https:\\\/\\\/autoabasura.com\\\/home\\\/wp-content\\\/uploads\\\/2023\\\/03\\\/logo-sin-fondo.png\",\"width\":2182,\"height\":930,\"caption\":\"Auto a basura\"},\"image\":{\"@id\":\"https:\\\/\\\/autoabasura.com\\\/home\\\/#\\\/schema\\\/logo\\\/image\\\/\"}}]}<\/script>\n<!-- \/ Yoast SEO plugin. -->","yoast_head_json":{"title":"Medios - Auto a basura","robots":{"index":"index","follow":"follow","max-snippet":"max-snippet:-1","max-image-preview":"max-image-preview:large","max-video-preview":"max-video-preview:-1"},"canonical":"https:\/\/autoabasura.com\/home\/medios\/","og_locale":"es_ES","og_type":"article","og_title":"Medios - Auto a basura","og_description":"Notas period\u00edsticas Links a las notas realizadas en diversos medios por el Auto a basura (Gasura) Viajes An\u00e9cdotas de los viajes realizados con el Auto a Basura. Estad\u00edsticas, mediciones, hallazgos, etc. Blog Notas sobre diversos temas relacionados al contenido de la p\u00e1gina. Agradecimientos, menciones, cr\u00f3nicas. Fotos Almac\u00e9n fotogr\u00e1fico del desarrollo del proyecto del auto a [&hellip;]","og_url":"https:\/\/autoabasura.com\/home\/medios\/","og_site_name":"Auto a basura","article_modified_time":"2022-03-21T01:34:20+00:00","twitter_card":"summary_large_image","twitter_misc":{"Tiempo de lectura":"1 minuto"},"schema":{"@context":"https:\/\/schema.org","@graph":[{"@type":"WebPage","@id":"https:\/\/autoabasura.com\/home\/medios\/","url":"https:\/\/autoabasura.com\/home\/medios\/","name":"Medios - Auto a basura","isPartOf":{"@id":"https:\/\/autoabasura.com\/home\/#website"},"datePublished":"2022-03-20T06:07:41+00:00","dateModified":"2022-03-21T01:34:20+00:00","breadcrumb":{"@id":"https:\/\/autoabasura.com\/home\/medios\/#breadcrumb"},"inLanguage":"es","potentialAction":[{"@type":"ReadAction","target":["https:\/\/autoabasura.com\/home\/medios\/"]}]},{"@type":"BreadcrumbList","@id":"https:\/\/autoabasura.com\/home\/medios\/#breadcrumb","itemListElement":[{"@type":"ListItem","position":1,"name":"Portada","item":"https:\/\/autoabasura.com\/home\/"},{"@type":"ListItem","position":2,"name":"Medios"}]},{"@type":"WebSite","@id":"https:\/\/autoabasura.com\/home\/#website","url":"https:\/\/autoabasura.com\/home\/","name":"Auto a basura","description":"","publisher":{"@id":"https:\/\/autoabasura.com\/home\/#organization"},"potentialAction":[{"@type":"SearchAction","target":{"@type":"EntryPoint","urlTemplate":"https:\/\/autoabasura.com\/home\/?s={search_term_string}"},"query-input":{"@type":"PropertyValueSpecification","valueRequired":true,"valueName":"search_term_string"}}],"inLanguage":"es"},{"@type":"Organization","@id":"https:\/\/autoabasura.com\/home\/#organization","name":"Auto a basura","url":"https:\/\/autoabasura.com\/home\/","logo":{"@type":"ImageObject","inLanguage":"es","@id":"https:\/\/autoabasura.com\/home\/#\/schema\/logo\/image\/","url":"https:\/\/autoabasura.com\/home\/wp-content\/uploads\/2023\/03\/logo-sin-fondo.png","contentUrl":"https:\/\/autoabasura.com\/home\/wp-content\/uploads\/2023\/03\/logo-sin-fondo.png","width":2182,"height":930,"caption":"Auto a basura"},"image":{"@id":"https:\/\/autoabasura.com\/home\/#\/schema\/logo\/image\/"}}]}},"jetpack_sharing_enabled":true,"jetpack-related-posts":[],"jetpack_shortlink":"https:\/\/wp.me\/PeJyB5-1Q","_links":{"self":[{"href":"https:\/\/autoabasura.com\/home\/wp-json\/wp\/v2\/pages\/114","targetHints":{"allow":["GET"]}}],"collection":[{"href":"https:\/\/autoabasura.com\/home\/wp-json\/wp\/v2\/pages"}],"about":[{"href":"https:\/\/autoabasura.com\/home\/wp-json\/wp\/v2\/types\/page"}],"author":[{"embeddable":true,"href":"https:\/\/autoabasura.com\/home\/wp-json\/wp\/v2\/users\/3"}],"replies":[{"embeddable":true,"href":"https:\/\/autoabasura.com\/home\/wp-json\/wp\/v2\/comments?post=114"}],"version-history":[{"count":6,"href":"https:\/\/autoabasura.com\/home\/wp-json\/wp\/v2\/pages\/114\/revisions"}],"predecessor-version":[{"id":195,"href":"https:\/\/autoabasura.com\/home\/wp-json\/wp\/v2\/pages\/114\/revisions\/195"}],"wp:attachment":[{"href":"https:\/\/autoabasura.com\/home\/wp-json\/wp\/v2\/media?parent=114"}],"curies":[{"name":"wp","href":"https:\/\/api.w.org\/{rel}","templated":true}]}}