{"id":112,"date":"2022-03-20T06:07:06","date_gmt":"2022-03-20T06:07:06","guid":{"rendered":"https:\/\/autoabasura.com\/home\/?page_id=112"},"modified":"2025-03-29T19:40:09","modified_gmt":"2025-03-29T22:40:09","slug":"informacion-tecnica","status":"publish","type":"page","link":"https:\/\/autoabasura.com\/home\/informacion-tecnica\/","title":{"rendered":"Informaci\u00f3n T\u00e9cnica"},"content":{"rendered":"\n<div class=\"wp-block-columns is-layout-flex wp-container-core-columns-is-layout-9d6595d7 wp-block-columns-is-layout-flex\">\n<div class=\"wp-block-column is-layout-flow wp-block-column-is-layout-flow\">\n<h2 class=\"wp-block-heading\">Manual<\/h2>\n\n\n\n<p><a href=\"https:\/\/autoabasura.com\/home\/manual-del-auto-a-basura-o-gasura\/\">Gu\u00eda para que un veh\u00edculo funcione a Basura (Gasura)<\/a><\/p>\n<\/div>\n\n\n\n<div class=\"wp-block-column is-layout-flow wp-block-column-is-layout-flow\">\n<h2 class=\"wp-block-heading\">Gasura<\/h2>\n\n\n\n<p><a href=\"https:\/\/autoabasura.com\/home\/gasura\/\">Informaci\u00f3n sobre este combustible creado a base de basura<\/a><\/p>\n<\/div>\n<\/div>\n","protected":false},"excerpt":{"rendered":"<p>Manual Gu\u00eda para que un veh\u00edculo funcione a Basura (Gasura) Gasura Informaci\u00f3n sobre este combustible creado a base de basura<\/p>\n","protected":false},"author":2,"featured_media":0,"parent":0,"menu_order":0,"comment_status":"closed","ping_status":"closed","template":"","meta":{"footnotes":""},"class_list":["post-112","page","type-page","status-publish","hentry","post"],"yoast_head":"<!-- This site is optimized with the Yoast SEO plugin v27.5 - https:\/\/yoast.com\/product\/yoast-seo-wordpress\/ -->\n<title>Informaci\u00f3n T\u00e9cnica - Auto a basura<\/title>\n<meta name=\"robots\" content=\"index, follow, max-snippet:-1, max-image-preview:large, max-video-preview:-1\" \/>\n<link rel=\"canonical\" href=\"https:\/\/autoabasura.com\/home\/informacion-tecnica\/\" \/>\n<meta property=\"og:locale\" content=\"es_ES\" \/>\n<meta property=\"og:type\" content=\"article\" \/>\n<meta property=\"og:title\" content=\"Informaci\u00f3n T\u00e9cnica - Auto a basura\" \/>\n<meta property=\"og:description\" content=\"Manual Gu\u00eda para que un veh\u00edculo funcione a Basura (Gasura) Gasura Informaci\u00f3n sobre este combustible creado a base de basura\" \/>\n<meta property=\"og:url\" content=\"https:\/\/autoabasura.com\/home\/informacion-tecnica\/\" \/>\n<meta property=\"og:site_name\" content=\"Auto a basura\" \/>\n<meta property=\"article:modified_time\" content=\"2025-03-29T22:40:09+00:00\" \/>\n<meta name=\"twitter:card\" content=\"summary_large_image\" \/>\n<meta name=\"twitter:label1\" content=\"Tiempo de lectura\" \/>\n\t<meta name=\"twitter:data1\" content=\"1 minuto\" \/>\n<script type=\"application\/ld+json\" class=\"yoast-schema-graph\">{\"@context\":\"https:\\\/\\\/schema.org\",\"@graph\":[{\"@type\":\"WebPage\",\"@id\":\"https:\\\/\\\/autoabasura.com\\\/home\\\/informacion-tecnica\\\/\",\"url\":\"https:\\\/\\\/autoabasura.com\\\/home\\\/informacion-tecnica\\\/\",\"name\":\"Informaci\u00f3n T\u00e9cnica - Auto a basura\",\"isPartOf\":{\"@id\":\"https:\\\/\\\/autoabasura.com\\\/home\\\/#website\"},\"datePublished\":\"2022-03-20T06:07:06+00:00\",\"dateModified\":\"2025-03-29T22:40:09+00:00\",\"breadcrumb\":{\"@id\":\"https:\\\/\\\/autoabasura.com\\\/home\\\/informacion-tecnica\\\/#breadcrumb\"},\"inLanguage\":\"es\",\"potentialAction\":[{\"@type\":\"ReadAction\",\"target\":[\"https:\\\/\\\/autoabasura.com\\\/home\\\/informacion-tecnica\\\/\"]}]},{\"@type\":\"BreadcrumbList\",\"@id\":\"https:\\\/\\\/autoabasura.com\\\/home\\\/informacion-tecnica\\\/#breadcrumb\",\"itemListElement\":[{\"@type\":\"ListItem\",\"position\":1,\"name\":\"Portada\",\"item\":\"https:\\\/\\\/autoabasura.com\\\/home\\\/\"},{\"@type\":\"ListItem\",\"position\":2,\"name\":\"Informaci\u00f3n T\u00e9cnica\"}]},{\"@type\":\"WebSite\",\"@id\":\"https:\\\/\\\/autoabasura.com\\\/home\\\/#website\",\"url\":\"https:\\\/\\\/autoabasura.com\\\/home\\\/\",\"name\":\"Auto a basura\",\"description\":\"\",\"publisher\":{\"@id\":\"https:\\\/\\\/autoabasura.com\\\/home\\\/#organization\"},\"potentialAction\":[{\"@type\":\"SearchAction\",\"target\":{\"@type\":\"EntryPoint\",\"urlTemplate\":\"https:\\\/\\\/autoabasura.com\\\/home\\\/?s={search_term_string}\"},\"query-input\":{\"@type\":\"PropertyValueSpecification\",\"valueRequired\":true,\"valueName\":\"search_term_string\"}}],\"inLanguage\":\"es\"},{\"@type\":\"Organization\",\"@id\":\"https:\\\/\\\/autoabasura.com\\\/home\\\/#organization\",\"name\":\"Auto a basura\",\"url\":\"https:\\\/\\\/autoabasura.com\\\/home\\\/\",\"logo\":{\"@type\":\"ImageObject\",\"inLanguage\":\"es\",\"@id\":\"https:\\\/\\\/autoabasura.com\\\/home\\\/#\\\/schema\\\/logo\\\/image\\\/\",\"url\":\"https:\\\/\\\/autoabasura.com\\\/home\\\/wp-content\\\/uploads\\\/2023\\\/03\\\/logo-sin-fondo.png\",\"contentUrl\":\"https:\\\/\\\/autoabasura.com\\\/home\\\/wp-content\\\/uploads\\\/2023\\\/03\\\/logo-sin-fondo.png\",\"width\":2182,\"height\":930,\"caption\":\"Auto a basura\"},\"image\":{\"@id\":\"https:\\\/\\\/autoabasura.com\\\/home\\\/#\\\/schema\\\/logo\\\/image\\\/\"}}]}<\/script>\n<!-- \/ Yoast SEO plugin. -->","yoast_head_json":{"title":"Informaci\u00f3n T\u00e9cnica - Auto a basura","robots":{"index":"index","follow":"follow","max-snippet":"max-snippet:-1","max-image-preview":"max-image-preview:large","max-video-preview":"max-video-preview:-1"},"canonical":"https:\/\/autoabasura.com\/home\/informacion-tecnica\/","og_locale":"es_ES","og_type":"article","og_title":"Informaci\u00f3n T\u00e9cnica - Auto a basura","og_description":"Manual Gu\u00eda para que un veh\u00edculo funcione a Basura (Gasura) Gasura Informaci\u00f3n sobre este combustible creado a base de basura","og_url":"https:\/\/autoabasura.com\/home\/informacion-tecnica\/","og_site_name":"Auto a basura","article_modified_time":"2025-03-29T22:40:09+00:00","twitter_card":"summary_large_image","twitter_misc":{"Tiempo de lectura":"1 minuto"},"schema":{"@context":"https:\/\/schema.org","@graph":[{"@type":"WebPage","@id":"https:\/\/autoabasura.com\/home\/informacion-tecnica\/","url":"https:\/\/autoabasura.com\/home\/informacion-tecnica\/","name":"Informaci\u00f3n T\u00e9cnica - Auto a basura","isPartOf":{"@id":"https:\/\/autoabasura.com\/home\/#website"},"datePublished":"2022-03-20T06:07:06+00:00","dateModified":"2025-03-29T22:40:09+00:00","breadcrumb":{"@id":"https:\/\/autoabasura.com\/home\/informacion-tecnica\/#breadcrumb"},"inLanguage":"es","potentialAction":[{"@type":"ReadAction","target":["https:\/\/autoabasura.com\/home\/informacion-tecnica\/"]}]},{"@type":"BreadcrumbList","@id":"https:\/\/autoabasura.com\/home\/informacion-tecnica\/#breadcrumb","itemListElement":[{"@type":"ListItem","position":1,"name":"Portada","item":"https:\/\/autoabasura.com\/home\/"},{"@type":"ListItem","position":2,"name":"Informaci\u00f3n T\u00e9cnica"}]},{"@type":"WebSite","@id":"https:\/\/autoabasura.com\/home\/#website","url":"https:\/\/autoabasura.com\/home\/","name":"Auto a basura","description":"","publisher":{"@id":"https:\/\/autoabasura.com\/home\/#organization"},"potentialAction":[{"@type":"SearchAction","target":{"@type":"EntryPoint","urlTemplate":"https:\/\/autoabasura.com\/home\/?s={search_term_string}"},"query-input":{"@type":"PropertyValueSpecification","valueRequired":true,"valueName":"search_term_string"}}],"inLanguage":"es"},{"@type":"Organization","@id":"https:\/\/autoabasura.com\/home\/#organization","name":"Auto a basura","url":"https:\/\/autoabasura.com\/home\/","logo":{"@type":"ImageObject","inLanguage":"es","@id":"https:\/\/autoabasura.com\/home\/#\/schema\/logo\/image\/","url":"https:\/\/autoabasura.com\/home\/wp-content\/uploads\/2023\/03\/logo-sin-fondo.png","contentUrl":"https:\/\/autoabasura.com\/home\/wp-content\/uploads\/2023\/03\/logo-sin-fondo.png","width":2182,"height":930,"caption":"Auto a basura"},"image":{"@id":"https:\/\/autoabasura.com\/home\/#\/schema\/logo\/image\/"}}]}},"jetpack_sharing_enabled":true,"jetpack-related-posts":[],"jetpack_shortlink":"https:\/\/wp.me\/PeJyB5-1O","_links":{"self":[{"href":"https:\/\/autoabasura.com\/home\/wp-json\/wp\/v2\/pages\/112","targetHints":{"allow":["GET"]}}],"collection":[{"href":"https:\/\/autoabasura.com\/home\/wp-json\/wp\/v2\/pages"}],"about":[{"href":"https:\/\/autoabasura.com\/home\/wp-json\/wp\/v2\/types\/page"}],"author":[{"embeddable":true,"href":"https:\/\/autoabasura.com\/home\/wp-json\/wp\/v2\/users\/2"}],"replies":[{"embeddable":true,"href":"https:\/\/autoabasura.com\/home\/wp-json\/wp\/v2\/comments?post=112"}],"version-history":[{"count":7,"href":"https:\/\/autoabasura.com\/home\/wp-json\/wp\/v2\/pages\/112\/revisions"}],"predecessor-version":[{"id":819,"href":"https:\/\/autoabasura.com\/home\/wp-json\/wp\/v2\/pages\/112\/revisions\/819"}],"wp:attachment":[{"href":"https:\/\/autoabasura.com\/home\/wp-json\/wp\/v2\/media?parent=112"}],"curies":[{"name":"wp","href":"https:\/\/api.w.org\/{rel}","templated":true}]}}